{"id":19,"date":"2019-06-16T17:21:12","date_gmt":"2019-06-16T15:21:12","guid":{"rendered":"http:\/\/anthalys.test\/?page_id=19"},"modified":"2021-04-23T10:50:22","modified_gmt":"2021-04-23T08:50:22","slug":"nos-avantages-concurrentiels","status":"publish","type":"page","link":"https:\/\/www.anthalys.com\/fr\/nos-avantages-concurrentiels\/","title":{"rendered":"Nos avantages concurrentiels"},"content":{"rendered":"\t\t<div data-elementor-type=\"wp-post\" data-elementor-id=\"19\" class=\"elementor elementor-19\" data-elementor-post-type=\"page\">\n\t\t\t\t\t\t<section class=\"elementor-section elementor-top-section elementor-element elementor-element-f217c57 elementor-section-full_width elementor-section-height-default elementor-section-height-default\" data-id=\"f217c57\" data-element_type=\"section\">\n\t\t\t\t\t\t<div class=\"elementor-container elementor-column-gap-no\">\n\t\t\t\t\t<div class=\"elementor-column elementor-col-100 elementor-top-column elementor-element elementor-element-7ba04cd4\" data-id=\"7ba04cd4\" data-element_type=\"column\">\n\t\t\t<div class=\"elementor-widget-wrap elementor-element-populated\">\n\t\t\t\t\t\t<div class=\"elementor-element elementor-element-778c66c5 elementor-widget elementor-widget-heading\" data-id=\"778c66c5\" data-element_type=\"widget\" data-widget_type=\"heading.default\">\n\t\t\t\t<div class=\"elementor-widget-container\">\n\t\t\t\t\t<h1 class=\"elementor-heading-title elementor-size-default\">Nos AVANTAGES concurrentiels<\/h1>\t\t\t\t<\/div>\n\t\t\t\t<\/div>\n\t\t\t\t<section class=\"elementor-section elementor-inner-section elementor-element elementor-element-9572f19 elementor-section-boxed elementor-section-height-default elementor-section-height-default\" data-id=\"9572f19\" data-element_type=\"section\">\n\t\t\t\t\t\t<div class=\"elementor-container elementor-column-gap-default\">\n\t\t\t\t\t<div class=\"elementor-column elementor-col-100 elementor-inner-column elementor-element elementor-element-df8ddc8\" data-id=\"df8ddc8\" data-element_type=\"column\">\n\t\t\t<div class=\"elementor-widget-wrap elementor-element-populated\">\n\t\t\t\t\t\t<div class=\"elementor-element elementor-element-f11709d elementor-grid-3 elementor-grid-tablet-2 elementor-grid-mobile-1 elementor-posts--thumbnail-top elementor-widget elementor-widget-posts\" data-id=\"f11709d\" data-element_type=\"widget\" data-settings=\"{&quot;classic_columns&quot;:&quot;3&quot;,&quot;classic_columns_tablet&quot;:&quot;2&quot;,&quot;classic_columns_mobile&quot;:&quot;1&quot;,&quot;classic_row_gap&quot;:{&quot;unit&quot;:&quot;px&quot;,&quot;size&quot;:35,&quot;sizes&quot;:[]},&quot;classic_row_gap_tablet&quot;:{&quot;unit&quot;:&quot;px&quot;,&quot;size&quot;:&quot;&quot;,&quot;sizes&quot;:[]},&quot;classic_row_gap_mobile&quot;:{&quot;unit&quot;:&quot;px&quot;,&quot;size&quot;:&quot;&quot;,&quot;sizes&quot;:[]}}\" data-widget_type=\"posts.classic\">\n\t\t\t\t<div class=\"elementor-widget-container\">\n\t\t\t\t\t\t\t<div class=\"elementor-posts-container elementor-posts elementor-posts--skin-classic elementor-grid\">\n\t\t\t\t<article class=\"elementor-post elementor-grid-item post-483 post type-post status-publish format-standard has-post-thumbnail hentry category-avantages-concurrentiels\">\n\t\t\t\t<a class=\"elementor-post__thumbnail__link\" href=\"https:\/\/www.anthalys.com\/fr\/blog\/2021\/04\/16\/assemblage-par-soudure-laser-fibre\/\" tabindex=\"-1\" >\n\t\t\t<div class=\"elementor-post__thumbnail\"><img fetchpriority=\"high\" decoding=\"async\" width=\"2560\" height=\"2321\" src=\"https:\/\/www.anthalys.com\/wp-content\/uploads\/2021\/04\/soudure-laser-fibre-20210420_102000-2-scaled.jpg\" class=\"attachment-full size-full wp-image-564\" alt=\"\" srcset=\"https:\/\/www.anthalys.com\/wp-content\/uploads\/2021\/04\/soudure-laser-fibre-20210420_102000-2-scaled.jpg 2560w, https:\/\/www.anthalys.com\/wp-content\/uploads\/2021\/04\/soudure-laser-fibre-20210420_102000-2-300x272.jpg 300w, https:\/\/www.anthalys.com\/wp-content\/uploads\/2021\/04\/soudure-laser-fibre-20210420_102000-2-1024x928.jpg 1024w, https:\/\/www.anthalys.com\/wp-content\/uploads\/2021\/04\/soudure-laser-fibre-20210420_102000-2-768x696.jpg 768w, https:\/\/www.anthalys.com\/wp-content\/uploads\/2021\/04\/soudure-laser-fibre-20210420_102000-2-1536x1393.jpg 1536w, https:\/\/www.anthalys.com\/wp-content\/uploads\/2021\/04\/soudure-laser-fibre-20210420_102000-2-2048x1857.jpg 2048w, https:\/\/www.anthalys.com\/wp-content\/uploads\/2021\/04\/soudure-laser-fibre-20210420_102000-2-13x12.jpg 13w\" sizes=\"(max-width: 2560px) 100vw, 2560px\" \/><\/div>\n\t\t<\/a>\n\t\t\t\t<div class=\"elementor-post__text\">\n\t\t\t\t<h2 class=\"elementor-post__title\">\n\t\t\t<a href=\"https:\/\/www.anthalys.com\/fr\/blog\/2021\/04\/16\/assemblage-par-soudure-laser-fibre\/\" >\n\t\t\t\tAssemblage par soudure Laser fibre\t\t\t<\/a>\n\t\t<\/h2>\n\t\t\t\t<div class=\"elementor-post__meta-data\">\n\t\t\t\t\t<span class=\"elementor-post-date\">\n\t\t\t16 avril 2021\t\t<\/span>\n\t\t\t\t<span class=\"elementor-post-avatar\">\n\t\t\tAucun commentaire\t\t<\/span>\n\t\t\t\t<\/div>\n\t\t\t\t<div class=\"elementor-post__excerpt\">\n\t\t\t<p>La soci\u00e9t\u00e9 Anthalys vous propose l\u2019assemblage par soudure Laser fibre (en savoir plus).<\/p>\n\t\t<\/div>\n\t\t\n\t\t<a class=\"elementor-post__read-more\" href=\"https:\/\/www.anthalys.com\/fr\/blog\/2021\/04\/16\/assemblage-par-soudure-laser-fibre\/\" aria-label=\"En savoir plus sur Assemblage par soudure Laser fibre\" tabindex=\"-1\" >\n\t\t\tLire la suite \u00bb\t\t<\/a>\n\n\t\t\t\t<\/div>\n\t\t\t\t<\/article>\n\t\t\t\t<article class=\"elementor-post elementor-grid-item post-405 post type-post status-publish format-standard has-post-thumbnail hentry category-avantages-concurrentiels\">\n\t\t\t\t<a class=\"elementor-post__thumbnail__link\" href=\"https:\/\/www.anthalys.com\/fr\/blog\/2020\/07\/31\/tolerie-de-precision\/\" tabindex=\"-1\" >\n\t\t\t<div class=\"elementor-post__thumbnail\"><img decoding=\"async\" width=\"448\" height=\"299\" src=\"https:\/\/www.anthalys.com\/wp-content\/uploads\/2019\/06\/Anthalys_020_C1.jpg\" class=\"attachment-full size-full wp-image-302\" alt=\"Blindage a\u00e9ronautique\" srcset=\"https:\/\/www.anthalys.com\/wp-content\/uploads\/2019\/06\/Anthalys_020_C1.jpg 448w, https:\/\/www.anthalys.com\/wp-content\/uploads\/2019\/06\/Anthalys_020_C1-300x200.jpg 300w\" sizes=\"(max-width: 448px) 100vw, 448px\" \/><\/div>\n\t\t<\/a>\n\t\t\t\t<div class=\"elementor-post__text\">\n\t\t\t\t<h2 class=\"elementor-post__title\">\n\t\t\t<a href=\"https:\/\/www.anthalys.com\/fr\/blog\/2020\/07\/31\/tolerie-de-precision\/\" >\n\t\t\t\tT\u00f4lerie de Pr\u00e9cision\t\t\t<\/a>\n\t\t<\/h2>\n\t\t\t\t<div class=\"elementor-post__meta-data\">\n\t\t\t\t\t<span class=\"elementor-post-date\">\n\t\t\t31 juillet 2020\t\t<\/span>\n\t\t\t\t<span class=\"elementor-post-avatar\">\n\t\t\tAucun commentaire\t\t<\/span>\n\t\t\t\t<\/div>\n\t\t\t\t<div class=\"elementor-post__excerpt\">\n\t\t\t<p>La soci\u00e9t\u00e9 Anthalys est dot\u00e9e d\u2019un parc machines ultramoderne et notamment d\u2019un combin\u00e9 poin\u00e7onnage laser \u00e0 chargement et d\u00e9chargement automatique. Nous disposons \u00e9galement d\u2019un centre<\/p>\n\t\t<\/div>\n\t\t\n\t\t<a class=\"elementor-post__read-more\" href=\"https:\/\/www.anthalys.com\/fr\/blog\/2020\/07\/31\/tolerie-de-precision\/\" aria-label=\"En savoir plus sur T\u00f4lerie de Pr\u00e9cision\" tabindex=\"-1\" >\n\t\t\tLire la suite \u00bb\t\t<\/a>\n\n\t\t\t\t<\/div>\n\t\t\t\t<\/article>\n\t\t\t\t<article class=\"elementor-post elementor-grid-item post-409 post type-post status-publish format-standard has-post-thumbnail hentry category-avantages-concurrentiels\">\n\t\t\t\t<a class=\"elementor-post__thumbnail__link\" href=\"https:\/\/www.anthalys.com\/fr\/blog\/2020\/07\/31\/usinage-de-precision\/\" tabindex=\"-1\" >\n\t\t\t<div class=\"elementor-post__thumbnail\"><img decoding=\"async\" width=\"2560\" height=\"1707\" src=\"https:\/\/www.anthalys.com\/wp-content\/uploads\/2020\/07\/Anthalys-5840-scaled.jpg\" class=\"attachment-full size-full wp-image-537\" alt=\"\" srcset=\"https:\/\/www.anthalys.com\/wp-content\/uploads\/2020\/07\/Anthalys-5840-scaled.jpg 2560w, https:\/\/www.anthalys.com\/wp-content\/uploads\/2020\/07\/Anthalys-5840-300x200.jpg 300w, https:\/\/www.anthalys.com\/wp-content\/uploads\/2020\/07\/Anthalys-5840-1024x683.jpg 1024w, https:\/\/www.anthalys.com\/wp-content\/uploads\/2020\/07\/Anthalys-5840-768x512.jpg 768w, https:\/\/www.anthalys.com\/wp-content\/uploads\/2020\/07\/Anthalys-5840-1536x1024.jpg 1536w, https:\/\/www.anthalys.com\/wp-content\/uploads\/2020\/07\/Anthalys-5840-2048x1365.jpg 2048w, https:\/\/www.anthalys.com\/wp-content\/uploads\/2020\/07\/Anthalys-5840-16x12.jpg 16w\" sizes=\"(max-width: 2560px) 100vw, 2560px\" \/><\/div>\n\t\t<\/a>\n\t\t\t\t<div class=\"elementor-post__text\">\n\t\t\t\t<h2 class=\"elementor-post__title\">\n\t\t\t<a href=\"https:\/\/www.anthalys.com\/fr\/blog\/2020\/07\/31\/usinage-de-precision\/\" >\n\t\t\t\tUsinage de Pr\u00e9cision\t\t\t<\/a>\n\t\t<\/h2>\n\t\t\t\t<div class=\"elementor-post__meta-data\">\n\t\t\t\t\t<span class=\"elementor-post-date\">\n\t\t\t31 juillet 2020\t\t<\/span>\n\t\t\t\t<span class=\"elementor-post-avatar\">\n\t\t\tAucun commentaire\t\t<\/span>\n\t\t\t\t<\/div>\n\t\t\t\t<div class=\"elementor-post__excerpt\">\n\t\t\t<p>La soci\u00e9t\u00e9 Anthalys est dot\u00e9e d\u2019un parc machines ultramoderne. La soci\u00e9t\u00e9 a fait l\u2019acquisition en 2018 d\u2019un centre d\u2019usinage 5 axes et d\u2019un tour bi-broche<\/p>\n\t\t<\/div>\n\t\t\n\t\t<a class=\"elementor-post__read-more\" href=\"https:\/\/www.anthalys.com\/fr\/blog\/2020\/07\/31\/usinage-de-precision\/\" aria-label=\"En savoir plus sur Usinage de Pr\u00e9cision\" tabindex=\"-1\" >\n\t\t\tLire la suite \u00bb\t\t<\/a>\n\n\t\t\t\t<\/div>\n\t\t\t\t<\/article>\n\t\t\t\t<article class=\"elementor-post elementor-grid-item post-412 post type-post status-publish format-standard has-post-thumbnail hentry category-avantages-concurrentiels\">\n\t\t\t\t<a class=\"elementor-post__thumbnail__link\" href=\"https:\/\/www.anthalys.com\/fr\/blog\/2020\/07\/31\/marquage-industriel\/\" tabindex=\"-1\" >\n\t\t\t<div class=\"elementor-post__thumbnail\"><img loading=\"lazy\" decoding=\"async\" width=\"5760\" height=\"3840\" src=\"https:\/\/www.anthalys.com\/wp-content\/uploads\/2020\/07\/marquage-industriel-Anthalys-BD.jpg\" class=\"attachment-full size-full wp-image-414\" alt=\"Marquage Industriel\" srcset=\"https:\/\/www.anthalys.com\/wp-content\/uploads\/2020\/07\/marquage-industriel-Anthalys-BD.jpg 5760w, https:\/\/www.anthalys.com\/wp-content\/uploads\/2020\/07\/marquage-industriel-Anthalys-BD-300x200.jpg 300w, https:\/\/www.anthalys.com\/wp-content\/uploads\/2020\/07\/marquage-industriel-Anthalys-BD-768x512.jpg 768w, https:\/\/www.anthalys.com\/wp-content\/uploads\/2020\/07\/marquage-industriel-Anthalys-BD-1024x683.jpg 1024w\" sizes=\"(max-width: 5760px) 100vw, 5760px\" \/><\/div>\n\t\t<\/a>\n\t\t\t\t<div class=\"elementor-post__text\">\n\t\t\t\t<h2 class=\"elementor-post__title\">\n\t\t\t<a href=\"https:\/\/www.anthalys.com\/fr\/blog\/2020\/07\/31\/marquage-industriel\/\" >\n\t\t\t\tMarquage Industriel\t\t\t<\/a>\n\t\t<\/h2>\n\t\t\t\t<div class=\"elementor-post__meta-data\">\n\t\t\t\t\t<span class=\"elementor-post-date\">\n\t\t\t31 juillet 2020\t\t<\/span>\n\t\t\t\t<span class=\"elementor-post-avatar\">\n\t\t\tAucun commentaire\t\t<\/span>\n\t\t\t\t<\/div>\n\t\t\t\t<div class=\"elementor-post__excerpt\">\n\t\t\t<p>La soci\u00e9t\u00e9 Anthalys propose des prestations int\u00e9gr\u00e9es en impression num\u00e9rique quadrichromie sur m\u00e9tal et tous supports, et gravures num\u00e9riques.<\/p>\n\t\t<\/div>\n\t\t\n\t\t<a class=\"elementor-post__read-more\" href=\"https:\/\/www.anthalys.com\/fr\/blog\/2020\/07\/31\/marquage-industriel\/\" aria-label=\"En savoir plus sur Marquage Industriel\" tabindex=\"-1\" >\n\t\t\tLire la suite \u00bb\t\t<\/a>\n\n\t\t\t\t<\/div>\n\t\t\t\t<\/article>\n\t\t\t\t<article class=\"elementor-post elementor-grid-item post-427 post type-post status-publish format-standard has-post-thumbnail hentry category-avantages-concurrentiels\">\n\t\t\t\t<a class=\"elementor-post__thumbnail__link\" href=\"https:\/\/www.anthalys.com\/fr\/blog\/2020\/07\/31\/un-parc-machines-performant\/\" tabindex=\"-1\" >\n\t\t\t<div class=\"elementor-post__thumbnail\"><img loading=\"lazy\" decoding=\"async\" width=\"1751\" height=\"981\" src=\"https:\/\/www.anthalys.com\/wp-content\/uploads\/2020\/07\/decoupe-laser-amada-anthalys.jpg\" class=\"attachment-full size-full wp-image-431\" alt=\"Parc Machines\" srcset=\"https:\/\/www.anthalys.com\/wp-content\/uploads\/2020\/07\/decoupe-laser-amada-anthalys.jpg 1751w, https:\/\/www.anthalys.com\/wp-content\/uploads\/2020\/07\/decoupe-laser-amada-anthalys-300x168.jpg 300w, https:\/\/www.anthalys.com\/wp-content\/uploads\/2020\/07\/decoupe-laser-amada-anthalys-768x430.jpg 768w, https:\/\/www.anthalys.com\/wp-content\/uploads\/2020\/07\/decoupe-laser-amada-anthalys-1024x574.jpg 1024w\" sizes=\"(max-width: 1751px) 100vw, 1751px\" \/><\/div>\n\t\t<\/a>\n\t\t\t\t<div class=\"elementor-post__text\">\n\t\t\t\t<h2 class=\"elementor-post__title\">\n\t\t\t<a href=\"https:\/\/www.anthalys.com\/fr\/blog\/2020\/07\/31\/un-parc-machines-performant\/\" >\n\t\t\t\tUn parc machines performant\t\t\t<\/a>\n\t\t<\/h2>\n\t\t\t\t<div class=\"elementor-post__meta-data\">\n\t\t\t\t\t<span class=\"elementor-post-date\">\n\t\t\t31 juillet 2020\t\t<\/span>\n\t\t\t\t<span class=\"elementor-post-avatar\">\n\t\t\tAucun commentaire\t\t<\/span>\n\t\t\t\t<\/div>\n\t\t\t\t<div class=\"elementor-post__excerpt\">\n\t\t\t<p>Un parc machines performant Nos r\u00e9alisations sont contr\u00f4l\u00e9es par un syst\u00e8me d\u2019imagerie num\u00e9rique (Nos outils : projecteur de profil num\u00e9rique ; syst\u00e8mes de mesure dimensionnelle<\/p>\n\t\t<\/div>\n\t\t\n\t\t<a class=\"elementor-post__read-more\" href=\"https:\/\/www.anthalys.com\/fr\/blog\/2020\/07\/31\/un-parc-machines-performant\/\" aria-label=\"En savoir plus sur Un parc machines performant\" tabindex=\"-1\" >\n\t\t\tLire la suite \u00bb\t\t<\/a>\n\n\t\t\t\t<\/div>\n\t\t\t\t<\/article>\n\t\t\t\t<article class=\"elementor-post elementor-grid-item post-278 post type-post status-publish format-standard has-post-thumbnail hentry category-avantages-concurrentiels\">\n\t\t\t\t<a class=\"elementor-post__thumbnail__link\" href=\"https:\/\/www.anthalys.com\/fr\/blog\/2019\/06\/17\/anthalys-modernise-son-identite\/\" tabindex=\"-1\" >\n\t\t\t<div class=\"elementor-post__thumbnail\"><img loading=\"lazy\" decoding=\"async\" width=\"640\" height=\"700\" src=\"https:\/\/www.anthalys.com\/wp-content\/uploads\/2019\/06\/anthalys-logo-600.png\" class=\"attachment-full size-full wp-image-594\" alt=\"\" srcset=\"https:\/\/www.anthalys.com\/wp-content\/uploads\/2019\/06\/anthalys-logo-600.png 640w, https:\/\/www.anthalys.com\/wp-content\/uploads\/2019\/06\/anthalys-logo-600-274x300.png 274w, https:\/\/www.anthalys.com\/wp-content\/uploads\/2019\/06\/anthalys-logo-600-11x12.png 11w\" sizes=\"(max-width: 640px) 100vw, 640px\" \/><\/div>\n\t\t<\/a>\n\t\t\t\t<div class=\"elementor-post__text\">\n\t\t\t\t<h2 class=\"elementor-post__title\">\n\t\t\t<a href=\"https:\/\/www.anthalys.com\/fr\/blog\/2019\/06\/17\/anthalys-modernise-son-identite\/\" >\n\t\t\t\tAnthalys modernise son identit\u00e9\t\t\t<\/a>\n\t\t<\/h2>\n\t\t\t\t<div class=\"elementor-post__meta-data\">\n\t\t\t\t\t<span class=\"elementor-post-date\">\n\t\t\t17 juin 2019\t\t<\/span>\n\t\t\t\t<span class=\"elementor-post-avatar\">\n\t\t\tAucun commentaire\t\t<\/span>\n\t\t\t\t<\/div>\n\t\t\t\t<div class=\"elementor-post__excerpt\">\n\t\t\t\t\t<\/div>\n\t\t\n\t\t<a class=\"elementor-post__read-more\" href=\"https:\/\/www.anthalys.com\/fr\/blog\/2019\/06\/17\/anthalys-modernise-son-identite\/\" aria-label=\"En savoir plus sur Anthalys modernise son identit\u00e9\" tabindex=\"-1\" >\n\t\t\tLire la suite \u00bb\t\t<\/a>\n\n\t\t\t\t<\/div>\n\t\t\t\t<\/article>\n\t\t\t\t<article class=\"elementor-post elementor-grid-item post-275 post type-post status-publish format-standard has-post-thumbnail hentry category-avantages-concurrentiels\">\n\t\t\t\t<a class=\"elementor-post__thumbnail__link\" href=\"https:\/\/www.anthalys.com\/fr\/blog\/2019\/06\/17\/nouvelle-machine-combine-poinconnage-trumpf-trumatic-60000\/\" tabindex=\"-1\" >\n\t\t\t<div class=\"elementor-post__thumbnail\"><img loading=\"lazy\" decoding=\"async\" width=\"920\" height=\"217\" src=\"https:\/\/www.anthalys.com\/wp-content\/uploads\/2021\/04\/Anthalys-machine-combine-poinconnage-trumatic-6000.png\" class=\"attachment-full size-full wp-image-586\" alt=\"\" srcset=\"https:\/\/www.anthalys.com\/wp-content\/uploads\/2021\/04\/Anthalys-machine-combine-poinconnage-trumatic-6000.png 920w, https:\/\/www.anthalys.com\/wp-content\/uploads\/2021\/04\/Anthalys-machine-combine-poinconnage-trumatic-6000-300x71.png 300w, https:\/\/www.anthalys.com\/wp-content\/uploads\/2021\/04\/Anthalys-machine-combine-poinconnage-trumatic-6000-768x181.png 768w, https:\/\/www.anthalys.com\/wp-content\/uploads\/2021\/04\/Anthalys-machine-combine-poinconnage-trumatic-6000-16x4.png 16w\" sizes=\"(max-width: 920px) 100vw, 920px\" \/><\/div>\n\t\t<\/a>\n\t\t\t\t<div class=\"elementor-post__text\">\n\t\t\t\t<h2 class=\"elementor-post__title\">\n\t\t\t<a href=\"https:\/\/www.anthalys.com\/fr\/blog\/2019\/06\/17\/nouvelle-machine-combine-poinconnage-trumpf-trumatic-60000\/\" >\n\t\t\t\tNouvelle machine combin\u00e9 poin\u00e7onnage Trumpf Trumatic 60000\t\t\t<\/a>\n\t\t<\/h2>\n\t\t\t\t<div class=\"elementor-post__meta-data\">\n\t\t\t\t\t<span class=\"elementor-post-date\">\n\t\t\t17 juin 2019\t\t<\/span>\n\t\t\t\t<span class=\"elementor-post-avatar\">\n\t\t\tAucun commentaire\t\t<\/span>\n\t\t\t\t<\/div>\n\t\t\t\t<div class=\"elementor-post__excerpt\">\n\t\t\t\t\t<\/div>\n\t\t\n\t\t<a class=\"elementor-post__read-more\" href=\"https:\/\/www.anthalys.com\/fr\/blog\/2019\/06\/17\/nouvelle-machine-combine-poinconnage-trumpf-trumatic-60000\/\" aria-label=\"En savoir plus sur Nouvelle machine combin\u00e9 poin\u00e7onnage Trumpf Trumatic 60000\" tabindex=\"-1\" >\n\t\t\tLire la suite \u00bb\t\t<\/a>\n\n\t\t\t\t<\/div>\n\t\t\t\t<\/article>\n\t\t\t\t<article class=\"elementor-post elementor-grid-item post-271 post type-post status-publish format-standard has-post-thumbnail hentry category-avantages-concurrentiels\">\n\t\t\t\t<a class=\"elementor-post__thumbnail__link\" href=\"https:\/\/www.anthalys.com\/fr\/blog\/2019\/06\/17\/nouveaux-batiment-de-montage-de-860-m%c2%b2\/\" tabindex=\"-1\" >\n\t\t\t<div class=\"elementor-post__thumbnail\"><img loading=\"lazy\" decoding=\"async\" width=\"914\" height=\"196\" src=\"https:\/\/www.anthalys.com\/wp-content\/uploads\/2021\/04\/Anthalys-860-batiment-montage.png\" class=\"attachment-full size-full wp-image-585\" alt=\"\" srcset=\"https:\/\/www.anthalys.com\/wp-content\/uploads\/2021\/04\/Anthalys-860-batiment-montage.png 914w, https:\/\/www.anthalys.com\/wp-content\/uploads\/2021\/04\/Anthalys-860-batiment-montage-300x64.png 300w, https:\/\/www.anthalys.com\/wp-content\/uploads\/2021\/04\/Anthalys-860-batiment-montage-768x165.png 768w, https:\/\/www.anthalys.com\/wp-content\/uploads\/2021\/04\/Anthalys-860-batiment-montage-16x3.png 16w\" sizes=\"(max-width: 914px) 100vw, 914px\" \/><\/div>\n\t\t<\/a>\n\t\t\t\t<div class=\"elementor-post__text\">\n\t\t\t\t<h2 class=\"elementor-post__title\">\n\t\t\t<a href=\"https:\/\/www.anthalys.com\/fr\/blog\/2019\/06\/17\/nouveaux-batiment-de-montage-de-860-m%c2%b2\/\" >\n\t\t\t\tNouveaux b\u00e2timent de montage de 860 m\u00b2\t\t\t<\/a>\n\t\t<\/h2>\n\t\t\t\t<div class=\"elementor-post__meta-data\">\n\t\t\t\t\t<span class=\"elementor-post-date\">\n\t\t\t17 juin 2019\t\t<\/span>\n\t\t\t\t<span class=\"elementor-post-avatar\">\n\t\t\tAucun commentaire\t\t<\/span>\n\t\t\t\t<\/div>\n\t\t\t\t<div class=\"elementor-post__excerpt\">\n\t\t\t\t\t<\/div>\n\t\t\n\t\t<a class=\"elementor-post__read-more\" href=\"https:\/\/www.anthalys.com\/fr\/blog\/2019\/06\/17\/nouveaux-batiment-de-montage-de-860-m%c2%b2\/\" aria-label=\"En savoir plus sur Nouveaux b\u00e2timent de montage de 860 m\u00b2\" tabindex=\"-1\" >\n\t\t\tLire la suite \u00bb\t\t<\/a>\n\n\t\t\t\t<\/div>\n\t\t\t\t<\/article>\n\t\t\t\t<\/div>\n\t\t\n\t\t\t\t\t\t<\/div>\n\t\t\t\t<\/div>\n\t\t\t\t\t<\/div>\n\t\t<\/div>\n\t\t\t\t\t<\/div>\n\t\t<\/section>\n\t\t\t\t\t<\/div>\n\t\t<\/div>\n\t\t\t\t\t<\/div>\n\t\t<\/section>\n\t\t\t\t<\/div>\n\t\t","protected":false},"excerpt":{"rendered":"<p>Nos AVANTAGES concurrentiels<\/p>\n","protected":false},"author":1,"featured_media":0,"parent":0,"menu_order":0,"comment_status":"closed","ping_status":"closed","template":"elementor_header_footer","meta":{"footnotes":""},"class_list":["post-19","page","type-page","status-publish","hentry"],"_links":{"self":[{"href":"https:\/\/www.anthalys.com\/fr\/wp-json\/wp\/v2\/pages\/19","targetHints":{"allow":["GET"]}}],"collection":[{"href":"https:\/\/www.anthalys.com\/fr\/wp-json\/wp\/v2\/pages"}],"about":[{"href":"https:\/\/www.anthalys.com\/fr\/wp-json\/wp\/v2\/types\/page"}],"author":[{"embeddable":true,"href":"https:\/\/www.anthalys.com\/fr\/wp-json\/wp\/v2\/users\/1"}],"replies":[{"embeddable":true,"href":"https:\/\/www.anthalys.com\/fr\/wp-json\/wp\/v2\/comments?post=19"}],"version-history":[{"count":17,"href":"https:\/\/www.anthalys.com\/fr\/wp-json\/wp\/v2\/pages\/19\/revisions"}],"predecessor-version":[{"id":630,"href":"https:\/\/www.anthalys.com\/fr\/wp-json\/wp\/v2\/pages\/19\/revisions\/630"}],"wp:attachment":[{"href":"https:\/\/www.anthalys.com\/fr\/wp-json\/wp\/v2\/media?parent=19"}],"curies":[{"name":"wp","href":"https:\/\/api.w.org\/{rel}","templated":true}]}}