{"id":446,"date":"2021-03-26T15:51:09","date_gmt":"2021-03-26T14:51:09","guid":{"rendered":"http:\/\/dev.anthalys.com\/?page_id=446"},"modified":"2024-02-20T10:18:43","modified_gmt":"2024-02-20T09:18:43","slug":"mentions-legales","status":"publish","type":"page","link":"https:\/\/www.anthalys.com\/en\/mentions-legales\/","title":{"rendered":"Mentions L\u00e9gales"},"content":{"rendered":"<div data-elementor-type=\"wp-post\" data-elementor-id=\"446\" class=\"elementor elementor-446\" data-elementor-post-type=\"page\">\n\t\t\t\t\t\t<section class=\"elementor-section elementor-top-section elementor-element elementor-element-b80e393 elementor-section-boxed elementor-section-height-default elementor-section-height-default\" data-id=\"b80e393\" data-element_type=\"section\">\n\t\t\t\t\t\t<div class=\"elementor-container elementor-column-gap-default\">\n\t\t\t\t\t<div class=\"elementor-column elementor-col-100 elementor-top-column elementor-element elementor-element-4c41050\" data-id=\"4c41050\" data-element_type=\"column\">\n\t\t\t<div class=\"elementor-widget-wrap elementor-element-populated\">\n\t\t\t\t\t\t<div class=\"elementor-element elementor-element-d8a40e5 elementor-widget elementor-widget-heading\" data-id=\"d8a40e5\" data-element_type=\"widget\" data-widget_type=\"heading.default\">\n\t\t\t\t<div class=\"elementor-widget-container\">\n\t\t\t\t\t<h1 class=\"elementor-heading-title elementor-size-default\"><br><br><h1 style=\"font-family: var( --e-global-typography-primary-font-family ), Sans-serif;font-size: 25px;text-transform: uppercase\">MENTIONS LEGALES<\/h1>   <br><\/h1>\t\t\t\t<\/div>\n\t\t\t\t<\/div>\n\t\t\t\t\t<\/div>\n\t\t<\/div>\n\t\t\t\t\t<\/div>\n\t\t<\/section>\n\t\t\t\t<section class=\"elementor-section elementor-top-section elementor-element elementor-element-ca6613e elementor-section-boxed elementor-section-height-default elementor-section-height-default\" data-id=\"ca6613e\" data-element_type=\"section\">\n\t\t\t\t\t\t<div class=\"elementor-container elementor-column-gap-default\">\n\t\t\t\t\t<div class=\"elementor-column elementor-col-100 elementor-top-column elementor-element elementor-element-b1ef03a\" data-id=\"b1ef03a\" data-element_type=\"column\">\n\t\t\t<div class=\"elementor-widget-wrap elementor-element-populated\">\n\t\t\t\t\t\t<div class=\"elementor-element elementor-element-1374fa5 elementor-widget elementor-widget-text-editor\" data-id=\"1374fa5\" data-element_type=\"widget\" data-widget_type=\"text-editor.default\">\n\t\t\t\t<div class=\"elementor-widget-container\">\n\t\t\t\t\t\t\t\t\t<h2 style=\"font-family: Arimo, sans-serif; color: #666666;\">Informations<\/h2><p>Anthalys.com est \u00e9dit\u00e9 par la soci\u00e9t\u00e9 Anthalys, Soci\u00e9t\u00e9 par actions simplifi\u00e9e au capital de 100 650,00 \u20ac, dont le si\u00e8ge social est 4 rue de Madrid, 89470 Mon\u00e9teau, France, N\u00b0 de SIRET 442 942 173 000 18, immatricul\u00e9e au Registre du Commerce et des Soci\u00e9t\u00e9s d&rsquo;Auxerre sous le num\u00e9ro B 442 942 173.<\/p><p>Responsable de la publication : Monsieur Lemoine.<\/p><p>Le site web est h\u00e9berg\u00e9 par Gandi SAS 63-65 boulevard Mass\u00e9na 75013 Paris , France.<br \/>Site Internet :\u00a0<a href=\"http:\/\/www.deckmatt.com\/\" target=\"_blank\" rel=\"noreferrer noopener\">https:\/\/www.gandi.net<\/a><\/p><p>Vous disposez d&rsquo;un droit d&rsquo;acc\u00e8s, de modification, de rectification et de suppression des donn\u00e9es vous concernant, dans les conditions pr\u00e9vues par\u00a0<a href=\"http:\/\/www.cnil.fr\/index.php?id=301\" target=\"_blank\" rel=\"noreferrer noopener\">la loi du 6 janvier 1978 modifi\u00e9e<\/a>\u00a0relative \u00e0 l&rsquo;informatique, aux fichiers et aux libert\u00e9s.<\/p><p>Pour toute demande, utilisez le\u00a0<a href=\"https:\/\/www.anthalys.com\/en\/contact\/\">formulaire de contact<\/a>, ou envoyez-nous un courrier \u00e0 l&rsquo;adresse suivante:<br \/>Anthalys, Service Marketing &#8211; ZAE des Macherins &#8211; 4 Rue de Madrid &#8211; 89470 Mon\u00e9teau, France.\u00a0<\/p><p>\u00a0<\/p><h2 style=\"font-family: Arimo, sans-serif; color: #666666;\">Liens hypertextes<\/h2><p>Anthalys ne contr\u00f4le pas les sites en connexion avec le sien, et ne saurait donc \u00eatre responsable de leur contenu. Les risques li\u00e9s \u00e0 l&rsquo;utilisation de ces sites incombent pleinement \u00e0 l&rsquo;utilisateur. Il se conformera \u00e0 leurs conditions d&rsquo;utilisation.<\/p><p>\u00a0<\/p><h2 style=\"font-family: Arimo, sans-serif; color: #666666;\">Copyright<\/h2><p>Anthalys autorise l&rsquo;utilisation, la reproduction et la distribution des informations apparaissant sur ce site, et de tous graphiques y aff\u00e9rents, \u00e0 condition que la mention copyright suivante apparaisse sur toute reproduction :<br \/>\u00a9 Anthalys SARL<br \/>Lorsque des informations de tiers sont utilis\u00e9es, reproduites, ou distribu\u00e9es, la mention de leurs droits doit \u00e9galement appara\u00eetre sur toute reproduction.<\/p><p>\u00a0<\/p><h2 style=\"font-family: Arimo, sans-serif; color: #666666;\">Marques<\/h2><p>\u00a0<\/p><p>Les marques et logos figurant sur ce site sont des marques de Anthalys o\u00f9 de tiers, et ne doivent pas \u00eatre utilis\u00e9s \u00e0 des fins publicitaires sans le consentement \u00e9crit pr\u00e9alable du propri\u00e9taire de la marque. Anthalys renonce \u00e0 tout titre de propri\u00e9t\u00e9 sur les marques et noms de produits autres que les siens.<\/p><p>\u00a0<\/p><h2>Conditions G\u00e9n\u00e9rales de Vente<\/h2><p><a href=\"https:\/\/www.anthalys.com\/en\/images\/uploads\/CGV-ANTHALYS-_FRCE-2014.pdf\/\">T\u00e9l\u00e9charger les\u00a0CGV<\/a><\/p>\t\t\t\t\t\t\t\t<\/div>\n\t\t\t\t<\/div>\n\t\t\t\t\t<\/div>\n\t\t<\/div>\n\t\t\t\t\t<\/div>\n\t\t<\/section>\n\t\t\t\t<\/div>","protected":false},"excerpt":{"rendered":"<p>MENTIONS LEGALES Informations Anthalys.com est \u00e9dit\u00e9 par la soci\u00e9t\u00e9 Anthalys, Soci\u00e9t\u00e9 par actions simplifi\u00e9e au capital de 100 650,00 \u20ac, dont le si\u00e8ge social est 4 rue de Madrid, 89470 Mon\u00e9teau, France, N\u00b0 de SIRET 442 942 173 000 18, immatricul\u00e9e au Registre du Commerce et des Soci\u00e9t\u00e9s d&rsquo;Auxerre sous le num\u00e9ro B 442 942 [&hellip;]<\/p>","protected":false},"author":1,"featured_media":0,"parent":0,"menu_order":0,"comment_status":"closed","ping_status":"closed","template":"elementor_header_footer","meta":{"footnotes":""},"class_list":["post-446","page","type-page","status-publish","hentry"],"_links":{"self":[{"href":"https:\/\/www.anthalys.com\/en\/wp-json\/wp\/v2\/pages\/446","targetHints":{"allow":["GET"]}}],"collection":[{"href":"https:\/\/www.anthalys.com\/en\/wp-json\/wp\/v2\/pages"}],"about":[{"href":"https:\/\/www.anthalys.com\/en\/wp-json\/wp\/v2\/types\/page"}],"author":[{"embeddable":true,"href":"https:\/\/www.anthalys.com\/en\/wp-json\/wp\/v2\/users\/1"}],"replies":[{"embeddable":true,"href":"https:\/\/www.anthalys.com\/en\/wp-json\/wp\/v2\/comments?post=446"}],"version-history":[{"count":23,"href":"https:\/\/www.anthalys.com\/en\/wp-json\/wp\/v2\/pages\/446\/revisions"}],"predecessor-version":[{"id":672,"href":"https:\/\/www.anthalys.com\/en\/wp-json\/wp\/v2\/pages\/446\/revisions\/672"}],"wp:attachment":[{"href":"https:\/\/www.anthalys.com\/en\/wp-json\/wp\/v2\/media?parent=446"}],"curies":[{"name":"wp","href":"https:\/\/api.w.org\/{rel}","templated":true}]}}